{"id":81,"date":"2019-05-11T13:49:40","date_gmt":"2019-05-11T13:49:40","guid":{"rendered":"http:\/\/www.nicoleloretan.com\/?page_id=81"},"modified":"2024-12-14T16:17:58","modified_gmt":"2024-12-14T16:17:58","slug":"referenzen","status":"publish","type":"page","link":"https:\/\/nicoleloretan.com\/en\/referenzen\/","title":{"rendered":"REFERENCES"},"content":{"rendered":"\n<h2 class=\"wp-block-heading\">REFERENCES<\/h2>\n\n\n\n<figure class=\"wp-block-pullquote has-small-font-size\" style=\"font-style:normal;font-weight:400\"><blockquote><p><em>\u201eDearest Nicole, your transformation was magic! With faith in your future as musician\u201c                             <br>                                                                                                                                                                                          <\/em><\/p><cite><em> <strong>Maria Joao Pires, Belgais<\/strong><\/em><\/cite><\/blockquote><\/figure>\n\n\n\n<figure class=\"wp-block-pullquote has-small-font-size\" style=\"font-style:normal;font-weight:400\"><blockquote><p><em>\u201eIm Rahmen eines Meisterkurses in Kirchzarten hatte ich die Gelegenheit, mit der jungen Schweizer&nbsp;Klavierstudentin Nicole Loretan an zwei Sonaten von Beethoven und Schumann zu arbeiten. Dabei gewann ich den Eindruck, dass Nicole Loretan k\u00fcnstlerisch hochbegabt und auch pianistisch bereits so&nbsp;weit fortgeschritten ist, dass man auf sie schon jetzt grosse Hoffnungen setzen kann.\u201c<\/em><\/p><cite>Friedrich Wilhelm Schnurr<\/cite><\/blockquote><\/figure>\n\n\n\n<figure class=\"wp-block-pullquote is-style-default has-small-font-size\" style=\"font-style:normal;font-weight:400\"><blockquote><p><em>&#8220;Mir ist sogleich ihr herausragendes pianistisches Potenzial aufgefallen, gepaart mit Flei\u00df, Willensst\u00e4rke und gro\u00dfer Musikalit\u00e4t. Sie besitzt s\u00e4mtliche Voraussetzungen f\u00fcr eine gro\u00dfe Karriere<\/em>&#8220;<\/p><cite><strong><em>Florian Krump\u00f6ck<\/em><\/strong><\/cite><\/blockquote><\/figure>\n\n\n\n<p class=\"has-small-font-size\"><strong>                                                                                                                                                                  <\/strong><\/p>\n\n\n\n<p class=\"has-small-font-size\">                            <strong>                  <\/strong><\/p>\n\n\n\n<p class=\"has-small-font-size\"><em>      <\/em><\/p>\n\n\n\n<p>&nbsp;<\/p>\n\n\n\n<p>&nbsp;<\/p>\n","protected":false},"excerpt":{"rendered":"<p>REFERENCES \u201eDearest Nicole, your transformation was magic! With faith in your future as musician\u201c Maria Joao Pires, Belgais \u201eIm Rahmen eines Meisterkurses in Kirchzarten hatte ich die Gelegenheit, mit der &hellip; <\/p>\n<p class=\"link-more\"><a href=\"https:\/\/nicoleloretan.com\/en\/referenzen\/\" class=\"more-link\">Continue reading<span class=\"screen-reader-text\"> &#8220;REFERENCES&#8221;<\/span><\/a><\/p>\n","protected":false},"author":2,"featured_media":0,"parent":0,"menu_order":0,"comment_status":"closed","ping_status":"closed","template":"","meta":{"footnotes":""},"class_list":["post-81","page","type-page","status-publish","hentry"],"yoast_head":"<!-- This site is optimized with the Yoast SEO plugin v27.5 - https:\/\/yoast.com\/product\/yoast-seo-wordpress\/ -->\n<title>REFERENCES<\/title>\n<meta name=\"robots\" content=\"index, follow, max-snippet:-1, max-image-preview:large, max-video-preview:-1\" \/>\n<link rel=\"canonical\" href=\"https:\/\/nicoleloretan.com\/en\/referenzen\/\" \/>\n<meta property=\"og:locale\" content=\"en_US\" \/>\n<meta property=\"og:locale:alternate\" content=\"de_CH\" \/>\n<meta property=\"og:type\" content=\"article\" \/>\n<meta property=\"og:title\" content=\"REFERENCES\" \/>\n<meta property=\"og:description\" content=\"REFERENCES \u201eDearest Nicole, your transformation was magic! With faith in your future as musician\u201c Maria Joao Pires, Belgais \u201eIm Rahmen eines Meisterkurses in Kirchzarten hatte ich die Gelegenheit, mit der &hellip; Continue reading &quot;REFERENCES&quot;\" \/>\n<meta property=\"og:url\" content=\"https:\/\/nicoleloretan.com\/en\/referenzen\/\" \/>\n<meta property=\"og:site_name\" content=\"Nicole Loretan\" \/>\n<meta property=\"article:modified_time\" content=\"2024-12-14T16:17:58+00:00\" \/>\n<meta name=\"twitter:card\" content=\"summary_large_image\" \/>\n<meta name=\"twitter:label1\" content=\"Est. reading time\" \/>\n\t<meta name=\"twitter:data1\" content=\"1 minute\" \/>\n<script type=\"application\/ld+json\" class=\"yoast-schema-graph\">{\"@context\":\"https:\\\/\\\/schema.org\",\"@graph\":[{\"@type\":\"WebPage\",\"@id\":\"https:\\\/\\\/nicoleloretan.com\\\/en\\\/referenzen\\\/\",\"url\":\"https:\\\/\\\/nicoleloretan.com\\\/en\\\/referenzen\\\/\",\"name\":\"REFERENCES\",\"isPartOf\":{\"@id\":\"https:\\\/\\\/nicoleloretan.com\\\/#website\"},\"datePublished\":\"2019-05-11T13:49:40+00:00\",\"dateModified\":\"2024-12-14T16:17:58+00:00\",\"breadcrumb\":{\"@id\":\"https:\\\/\\\/nicoleloretan.com\\\/en\\\/referenzen\\\/#breadcrumb\"},\"inLanguage\":\"en-US\",\"potentialAction\":[{\"@type\":\"ReadAction\",\"target\":[\"https:\\\/\\\/nicoleloretan.com\\\/en\\\/referenzen\\\/\"]}]},{\"@type\":\"BreadcrumbList\",\"@id\":\"https:\\\/\\\/nicoleloretan.com\\\/en\\\/referenzen\\\/#breadcrumb\",\"itemListElement\":[{\"@type\":\"ListItem\",\"position\":1,\"name\":\"Startseite\",\"item\":\"https:\\\/\\\/nicoleloretan.com\\\/en\\\/\"},{\"@type\":\"ListItem\",\"position\":2,\"name\":\"REFERENCES\"}]},{\"@type\":\"WebSite\",\"@id\":\"https:\\\/\\\/nicoleloretan.com\\\/#website\",\"url\":\"https:\\\/\\\/nicoleloretan.com\\\/\",\"name\":\"Nicole Loretan\",\"description\":\"pianist\",\"potentialAction\":[{\"@type\":\"SearchAction\",\"target\":{\"@type\":\"EntryPoint\",\"urlTemplate\":\"https:\\\/\\\/nicoleloretan.com\\\/?s={search_term_string}\"},\"query-input\":{\"@type\":\"PropertyValueSpecification\",\"valueRequired\":true,\"valueName\":\"search_term_string\"}}],\"inLanguage\":\"en-US\"}]}<\/script>\n<!-- \/ Yoast SEO plugin. -->","yoast_head_json":{"title":"REFERENCES","robots":{"index":"index","follow":"follow","max-snippet":"max-snippet:-1","max-image-preview":"max-image-preview:large","max-video-preview":"max-video-preview:-1"},"canonical":"https:\/\/nicoleloretan.com\/en\/referenzen\/","og_locale":"en_US","og_type":"article","og_title":"[:en]REFERENCES[:de]REFERENZEN[:] - Nicole Loretan","og_description":"REFERENCES \u201eDearest Nicole, your transformation was magic! With faith in your future as musician\u201c Maria Joao Pires, Belgais \u201eIm Rahmen eines Meisterkurses in Kirchzarten hatte ich die Gelegenheit, mit der &hellip; Continue reading \"REFERENCES\"","og_url":"https:\/\/nicoleloretan.com\/en\/referenzen\/","og_site_name":"Nicole Loretan","article_modified_time":"2024-12-14T16:17:58+00:00","twitter_card":"summary_large_image","twitter_misc":{"Est. reading time":"1 minute"},"schema":{"@context":"https:\/\/schema.org","@graph":[{"@type":"WebPage","@id":"https:\/\/nicoleloretan.com\/en\/referenzen\/","url":"https:\/\/nicoleloretan.com\/en\/referenzen\/","name":"REFERENCES","isPartOf":{"@id":"https:\/\/nicoleloretan.com\/#website"},"datePublished":"2019-05-11T13:49:40+00:00","dateModified":"2024-12-14T16:17:58+00:00","breadcrumb":{"@id":"https:\/\/nicoleloretan.com\/en\/referenzen\/#breadcrumb"},"inLanguage":"en-US","potentialAction":[{"@type":"ReadAction","target":["https:\/\/nicoleloretan.com\/en\/referenzen\/"]}]},{"@type":"BreadcrumbList","@id":"https:\/\/nicoleloretan.com\/en\/referenzen\/#breadcrumb","itemListElement":[{"@type":"ListItem","position":1,"name":"Startseite","item":"https:\/\/nicoleloretan.com\/en\/"},{"@type":"ListItem","position":2,"name":"REFERENCES"}]},{"@type":"WebSite","@id":"https:\/\/nicoleloretan.com\/#website","url":"https:\/\/nicoleloretan.com\/","name":"Nicole Loretan","description":"pianist","potentialAction":[{"@type":"SearchAction","target":{"@type":"EntryPoint","urlTemplate":"https:\/\/nicoleloretan.com\/?s={search_term_string}"},"query-input":{"@type":"PropertyValueSpecification","valueRequired":true,"valueName":"search_term_string"}}],"inLanguage":"en-US"}]}},"_links":{"self":[{"href":"https:\/\/nicoleloretan.com\/en\/wp-json\/wp\/v2\/pages\/81","targetHints":{"allow":["GET"]}}],"collection":[{"href":"https:\/\/nicoleloretan.com\/en\/wp-json\/wp\/v2\/pages"}],"about":[{"href":"https:\/\/nicoleloretan.com\/en\/wp-json\/wp\/v2\/types\/page"}],"author":[{"embeddable":true,"href":"https:\/\/nicoleloretan.com\/en\/wp-json\/wp\/v2\/users\/2"}],"replies":[{"embeddable":true,"href":"https:\/\/nicoleloretan.com\/en\/wp-json\/wp\/v2\/comments?post=81"}],"version-history":[{"count":10,"href":"https:\/\/nicoleloretan.com\/en\/wp-json\/wp\/v2\/pages\/81\/revisions"}],"predecessor-version":[{"id":580,"href":"https:\/\/nicoleloretan.com\/en\/wp-json\/wp\/v2\/pages\/81\/revisions\/580"}],"wp:attachment":[{"href":"https:\/\/nicoleloretan.com\/en\/wp-json\/wp\/v2\/media?parent=81"}],"curies":[{"name":"wp","href":"https:\/\/api.w.org\/{rel}","templated":true}]}}